{"id":122,"date":"2026-03-04T12:24:11","date_gmt":"2026-03-04T12:24:11","guid":{"rendered":"https:\/\/badalonaweedclub.com\/?page_id=122"},"modified":"2026-03-05T09:03:20","modified_gmt":"2026-03-05T09:03:20","slug":"become-a-member","status":"publish","type":"page","link":"https:\/\/badalonaweedclub.com\/en\/hazte-miembro\/","title":{"rendered":"Become a Member"},"content":{"rendered":"\t\t<div data-elementor-type=\"wp-page\" data-elementor-id=\"122\" class=\"elementor elementor-122\" data-elementor-post-type=\"page\">\n\t\t\t\t<div class=\"elementor-element elementor-element-7754d64 e-flex e-con-boxed e-con e-parent\" data-id=\"7754d64\" data-element_type=\"container\" data-e-type=\"container\">\n\t\t\t\t\t<div class=\"e-con-inner\">\n\t\t<div class=\"elementor-element elementor-element-a6d1f9b e-con-full e-flex e-con e-child\" data-id=\"a6d1f9b\" data-element_type=\"container\" data-e-type=\"container\">\n\t\t\t\t<div class=\"elementor-element elementor-element-4691615 elementor-widget elementor-widget-html\" data-id=\"4691615\" data-element_type=\"widget\" data-e-type=\"widget\" data-widget_type=\"html.default\">\n\t\t\t\t\t<div style=\"display:inline-block;padding:6px 16px;background:rgba(0,255,157,0.1);border:1px solid rgba(0,255,157,0.25);border-radius:30px;font-size:0.85rem;color:#00FF9D;font-weight:600;letter-spacing:1px;font-family:'Outfit',sans-serif\">PLAZAS LIMITADAS<\/div>\t\t\t\t<\/div>\n\t\t\t\t<div class=\"elementor-element elementor-element-3674418 elementor-widget elementor-widget-heading\" data-id=\"3674418\" data-element_type=\"widget\" data-e-type=\"widget\" data-widget_type=\"heading.default\">\n\t\t\t\t\t<h1 class=\"elementor-heading-title elementor-size-default\">\u00danete a la <span style=\"color:#00FF9D;font-family:'Playfair Display',serif;font-style:italic;font-weight:600\">\u00c9lite<\/span> Cann\u00e1bica de Badalona<\/h1>\t\t\t\t<\/div>\n\t\t\t\t<div class=\"elementor-element elementor-element-b037b64 elementor-widget elementor-widget-text-editor\" data-id=\"b037b64\" data-element_type=\"widget\" data-e-type=\"widget\" data-widget_type=\"text-editor.default\">\n\t\t\t\t\t\t\t\t\t<p>Green Palace es m\u00e1s que un club: es una comunidad exclusiva. Solicita tu acceso y descubre un espacio premium pensado para verdaderos conocedores.<\/p>\t\t\t\t\t\t\t\t<\/div>\n\t\t\t\t<div class=\"elementor-element elementor-element-4c91454 elementor-icon-list--layout-traditional elementor-list-item-link-full_width elementor-widget elementor-widget-icon-list\" data-id=\"4c91454\" data-element_type=\"widget\" data-e-type=\"widget\" data-widget_type=\"icon-list.default\">\n\t\t\t\t\t\t\t<ul class=\"elementor-icon-list-items\">\n\t\t\t\t\t\t\t<li class=\"elementor-icon-list-item\">\n\t\t\t\t\t\t\t\t\t\t\t<span class=\"elementor-icon-list-icon\">\n\t\t\t\t\t\t\t<svg aria-hidden=\"true\" class=\"e-font-icon-svg e-fas-cannabis\" viewBox=\"0 0 512 512\" xmlns=\"http:\/\/www.w3.org\/2000\/svg\"><path d=\"M503.47 360.25c-1.56-.82-32.39-16.89-76.78-25.81 64.25-75.12 84.05-161.67 84.93-165.64 1.18-5.33-.44-10.9-4.3-14.77-3.03-3.04-7.12-4.7-11.32-4.7-1.14 0-2.29.12-3.44.38-3.88.85-86.54 19.59-160.58 79.76.01-1.46.01-2.93.01-4.4 0-118.79-59.98-213.72-62.53-217.7A15.973 15.973 0 0 0 256 0c-5.45 0-10.53 2.78-13.47 7.37-2.55 3.98-62.53 98.91-62.53 217.7 0 1.47.01 2.94.01 4.4-74.03-60.16-156.69-78.9-160.58-79.76-1.14-.25-2.29-.38-3.44-.38-4.2 0-8.29 1.66-11.32 4.7A15.986 15.986 0 0 0 .38 168.8c.88 3.97 20.68 90.52 84.93 165.64-44.39 8.92-75.21 24.99-76.78 25.81a16.003 16.003 0 0 0-.02 28.29c2.45 1.29 60.76 31.72 133.49 31.72 6.14 0 11.96-.1 17.5-.31-11.37 22.23-16.52 38.31-16.81 39.22-1.8 5.68-.29 11.89 3.91 16.11a16.019 16.019 0 0 0 16.1 3.99c1.83-.57 37.72-11.99 77.3-39.29V504c0 4.42 3.58 8 8 8h16c4.42 0 8-3.58 8-8v-64.01c39.58 27.3 75.47 38.71 77.3 39.29a16.019 16.019 0 0 0 16.1-3.99c4.2-4.22 5.71-10.43 3.91-16.11-.29-.91-5.45-16.99-16.81-39.22 5.54.21 11.37.31 17.5.31 72.72 0 131.04-30.43 133.49-31.72 5.24-2.78 8.52-8.22 8.51-14.15-.01-5.94-3.29-11.39-8.53-14.15z\"><\/path><\/svg>\t\t\t\t\t\t<\/span>\n\t\t\t\t\t\t\t\t\t\t<span class=\"elementor-icon-list-text\">Acceso a gen\u00e9ticas premium y extracciones exclusivas<\/span>\n\t\t\t\t\t\t\t\t\t<\/li>\n\t\t\t\t\t\t\t\t<li class=\"elementor-icon-list-item\">\n\t\t\t\t\t\t\t\t\t\t\t<span class=\"elementor-icon-list-icon\">\n\t\t\t\t\t\t\t<svg aria-hidden=\"true\" class=\"e-font-icon-svg e-fas-calendar-check\" viewBox=\"0 0 448 512\" xmlns=\"http:\/\/www.w3.org\/2000\/svg\"><path d=\"M436 160H12c-6.627 0-12-5.373-12-12v-36c0-26.51 21.49-48 48-48h48V12c0-6.627 5.373-12 12-12h40c6.627 0 12 5.373 12 12v52h128V12c0-6.627 5.373-12 12-12h40c6.627 0 12 5.373 12 12v52h48c26.51 0 48 21.49 48 48v36c0 6.627-5.373 12-12 12zM12 192h424c6.627 0 12 5.373 12 12v260c0 26.51-21.49 48-48 48H48c-26.51 0-48-21.49-48-48V204c0-6.627 5.373-12 12-12zm333.296 95.947l-28.169-28.398c-4.667-4.705-12.265-4.736-16.97-.068L194.12 364.665l-45.98-46.352c-4.667-4.705-12.266-4.736-16.971-.068l-28.397 28.17c-4.705 4.667-4.736 12.265-.068 16.97l82.601 83.269c4.667 4.705 12.265 4.736 16.97.068l142.953-141.805c4.705-4.667 4.736-12.265.068-16.97z\"><\/path><\/svg>\t\t\t\t\t\t<\/span>\n\t\t\t\t\t\t\t\t\t\t<span class=\"elementor-icon-list-text\">Eventos diarios con promociones y sorteos para socios<\/span>\n\t\t\t\t\t\t\t\t\t<\/li>\n\t\t\t\t\t\t\t\t<li class=\"elementor-icon-list-item\">\n\t\t\t\t\t\t\t\t\t\t\t<span class=\"elementor-icon-list-icon\">\n\t\t\t\t\t\t\t<svg aria-hidden=\"true\" class=\"e-font-icon-svg e-fas-couch\" viewBox=\"0 0 640 512\" xmlns=\"http:\/\/www.w3.org\/2000\/svg\"><path d=\"M160 224v64h320v-64c0-35.3 28.7-64 64-64h32c0-53-43-96-96-96H160c-53 0-96 43-96 96h32c35.3 0 64 28.7 64 64zm416-32h-32c-17.7 0-32 14.3-32 32v96H128v-96c0-17.7-14.3-32-32-32H64c-35.3 0-64 28.7-64 64 0 23.6 13 44 32 55.1V432c0 8.8 7.2 16 16 16h64c8.8 0 16-7.2 16-16v-16h384v16c0 8.8 7.2 16 16 16h64c8.8 0 16-7.2 16-16V311.1c19-11.1 32-31.5 32-55.1 0-35.3-28.7-64-64-64z\"><\/path><\/svg>\t\t\t\t\t\t<\/span>\n\t\t\t\t\t\t\t\t\t\t<span class=\"elementor-icon-list-text\">Lounge exclusivo con WiFi, gaming y zona chill<\/span>\n\t\t\t\t\t\t\t\t\t<\/li>\n\t\t\t\t\t\t\t\t<li class=\"elementor-icon-list-item\">\n\t\t\t\t\t\t\t\t\t\t\t<span class=\"elementor-icon-list-icon\">\n\t\t\t\t\t\t\t<svg aria-hidden=\"true\" class=\"e-font-icon-svg e-fas-user-shield\" viewBox=\"0 0 640 512\" xmlns=\"http:\/\/www.w3.org\/2000\/svg\"><path d=\"M622.3 271.1l-115.2-45c-4.1-1.6-12.6-3.7-22.2 0l-115.2 45c-10.7 4.2-17.7 14-17.7 24.9 0 111.6 68.7 188.8 132.9 213.9 9.6 3.7 18 1.6 22.2 0C558.4 489.9 640 420.5 640 296c0-10.9-7-20.7-17.7-24.9zM496 462.4V273.3l95.5 37.3c-5.6 87.1-60.9 135.4-95.5 151.8zM224 256c70.7 0 128-57.3 128-128S294.7 0 224 0 96 57.3 96 128s57.3 128 128 128zm96 40c0-2.5.8-4.8 1.1-7.2-2.5-.1-4.9-.8-7.5-.8h-16.7c-22.2 10.2-46.9 16-72.9 16s-50.6-5.8-72.9-16h-16.7C60.2 288 0 348.2 0 422.4V464c0 26.5 21.5 48 48 48h352c6.8 0 13.3-1.5 19.2-4-54-42.9-99.2-116.7-99.2-212z\"><\/path><\/svg>\t\t\t\t\t\t<\/span>\n\t\t\t\t\t\t\t\t\t\t<span class=\"elementor-icon-list-text\">Entorno 100% legal, privado y seguro<\/span>\n\t\t\t\t\t\t\t\t\t<\/li>\n\t\t\t\t\t\t\t\t<li class=\"elementor-icon-list-item\">\n\t\t\t\t\t\t\t\t\t\t\t<span class=\"elementor-icon-list-icon\">\n\t\t\t\t\t\t\t<svg aria-hidden=\"true\" class=\"e-font-icon-svg e-fas-users\" viewBox=\"0 0 640 512\" xmlns=\"http:\/\/www.w3.org\/2000\/svg\"><path d=\"M96 224c35.3 0 64-28.7 64-64s-28.7-64-64-64-64 28.7-64 64 28.7 64 64 64zm448 0c35.3 0 64-28.7 64-64s-28.7-64-64-64-64 28.7-64 64 28.7 64 64 64zm32 32h-64c-17.6 0-33.5 7.1-45.1 18.6 40.3 22.1 68.9 62 75.1 109.4h66c17.7 0 32-14.3 32-32v-32c0-35.3-28.7-64-64-64zm-256 0c61.9 0 112-50.1 112-112S381.9 32 320 32 208 82.1 208 144s50.1 112 112 112zm76.8 32h-8.3c-20.8 10-43.9 16-68.5 16s-47.6-6-68.5-16h-8.3C179.6 288 128 339.6 128 403.2V432c0 26.5 21.5 48 48 48h288c26.5 0 48-21.5 48-48v-28.8c0-63.6-51.6-115.2-115.2-115.2zm-223.7-13.4C161.5 263.1 145.6 256 128 256H64c-35.3 0-64 28.7-64 64v32c0 17.7 14.3 32 32 32h65.9c6.3-47.4 34.9-87.3 75.2-109.4z\"><\/path><\/svg>\t\t\t\t\t\t<\/span>\n\t\t\t\t\t\t\t\t\t\t<span class=\"elementor-icon-list-text\">Comunidad selecta y asesoramiento profesional<\/span>\n\t\t\t\t\t\t\t\t\t<\/li>\n\t\t\t\t\t\t<\/ul>\n\t\t\t\t\t\t<\/div>\n\t\t\t\t<\/div>\n\t\t<div class=\"elementor-element elementor-element-02379f5 e-con-full e-flex e-con e-child\" data-id=\"02379f5\" data-element_type=\"container\" data-e-type=\"container\">\n\t\t\t\t<div class=\"elementor-element elementor-element-54d648b elementor-button-align-stretch elementor-widget elementor-widget-form\" data-id=\"54d648b\" data-element_type=\"widget\" data-e-type=\"widget\" data-settings=\"{&quot;step_next_label&quot;:&quot;Siguiente&quot;,&quot;step_previous_label&quot;:&quot;Anterior&quot;,&quot;button_width&quot;:&quot;100&quot;,&quot;step_type&quot;:&quot;number_text&quot;,&quot;step_icon_shape&quot;:&quot;circle&quot;}\" data-widget_type=\"form.default\">\n\t\t\t\t\t\t\t<form class=\"elementor-form\" method=\"post\" name=\"Solicitar Acceso\" aria-label=\"Solicitar Acceso\">\n\t\t\t<input type=\"hidden\" name=\"post_id\" value=\"122\"\/>\n\t\t\t<input type=\"hidden\" name=\"form_id\" value=\"54d648b\"\/>\n\t\t\t<input type=\"hidden\" name=\"referer_title\" value=\"H\u00e1zte Miembro - Green Palace\" \/>\n\n\t\t\t\t\t\t\t<input type=\"hidden\" name=\"queried_id\" value=\"122\"\/>\n\t\t\t\n\t\t\t<div class=\"elementor-form-fields-wrapper elementor-labels-above\">\n\t\t\t\t\t\t\t\t<div class=\"elementor-field-type-text elementor-field-group elementor-column elementor-field-group-nombre elementor-col-100 elementor-field-required\">\n\t\t\t\t\t\t\t\t\t\t\t\t<label for=\"form-field-nombre\" class=\"elementor-field-label\">\n\t\t\t\t\t\t\t\t\u00bfCu\u00e1l es tu nombre?\t\t\t\t\t\t\t<\/label>\n\t\t\t\t\t\t\t\t\t\t\t\t\t\t<input size=\"1\" type=\"text\" name=\"form_fields[nombre]\" id=\"form-field-nombre\" class=\"elementor-field elementor-size-sm  elementor-field-textual\" placeholder=\"Inserta tu nombre*\" required=\"required\">\n\t\t\t\t\t\t\t\t\t\t\t<\/div>\n\t\t\t\t\t\t\t\t<div class=\"elementor-field-type-email elementor-field-group elementor-column elementor-field-group-email elementor-col-100 elementor-field-required\">\n\t\t\t\t\t\t\t\t\t\t\t\t<label for=\"form-field-email\" class=\"elementor-field-label\">\n\t\t\t\t\t\t\t\tEmail\t\t\t\t\t\t\t<\/label>\n\t\t\t\t\t\t\t\t\t\t\t\t\t\t<input size=\"1\" type=\"email\" name=\"form_fields[email]\" id=\"form-field-email\" class=\"elementor-field elementor-size-sm  elementor-field-textual\" placeholder=\"ejemplo@gmail.com*\" required=\"required\">\n\t\t\t\t\t\t\t\t\t\t\t<\/div>\n\t\t\t\t\t\t\t\t<div class=\"elementor-field-type-select elementor-field-group elementor-column elementor-field-group-acepta elementor-col-100 elementor-field-required\">\n\t\t\t\t\t\t\t\t\t\t\t\t<label for=\"form-field-acepta\" class=\"elementor-field-label\">\n\t\t\t\t\t\t\t\t\u00bfAceptas nuestras pol\u00edticas de conducta de socios, normas de acceso y pol\u00edtica de privacidad?\t\t\t\t\t\t\t<\/label>\n\t\t\t\t\t\t\t\t<div class=\"elementor-field elementor-select-wrapper remove-before \">\n\t\t\t<div class=\"select-caret-down-wrapper\">\n\t\t\t\t<svg aria-hidden=\"true\" class=\"e-font-icon-svg e-eicon-caret-down\" viewBox=\"0 0 571.4 571.4\" xmlns=\"http:\/\/www.w3.org\/2000\/svg\"><path d=\"M571 393Q571 407 561 418L311 668Q300 679 286 679T261 668L11 418Q0 407 0 393T11 368 36 357H536Q550 357 561 368T571 393Z\"><\/path><\/svg>\t\t\t<\/div>\n\t\t\t<select name=\"form_fields[acepta]\" id=\"form-field-acepta\" class=\"elementor-field-textual elementor-size-sm\" required=\"required\">\n\t\t\t\t\t\t\t\t\t<option value=\"\">-Por favor, elija una opci\u00f3n-<\/option>\n\t\t\t\t\t\t\t\t\t<option value=\"si\">S\u00ed<\/option>\n\t\t\t\t\t\t\t\t\t<option value=\"no\">No<\/option>\n\t\t\t\t\t\t\t<\/select>\n\t\t<\/div>\n\t\t\t\t\t\t<\/div>\n\t\t\t\t\t\t\t\t<div class=\"elementor-field-group elementor-column elementor-field-type-submit elementor-col-100 e-form__buttons\">\n\t\t\t\t\t<button class=\"elementor-button elementor-size-md\" type=\"submit\">\n\t\t\t\t\t\t<span class=\"elementor-button-content-wrapper\">\n\t\t\t\t\t\t\t\t\t\t\t\t\t\t\t<span class=\"elementor-button-icon\">\n\t\t\t\t\t\t\t\t\t<i class=\"Array\" aria-hidden=\"true\"><\/i>\t\t\t\t\t\t\t\t\t\t\t\t\t\t\t\t\t<\/span>\n\t\t\t\t\t\t\t\t\t\t\t\t\t\t\t\t\t\t\t\t\t\t<span class=\"elementor-button-text\">Enviar Datos<\/span>\n\t\t\t\t\t\t\t\t\t\t\t\t\t<\/span>\n\t\t\t\t\t<\/button>\n\t\t\t\t<\/div>\n\t\t\t<\/div>\n\t\t<\/form>\n\t\t\t\t\t\t<\/div>\n\t\t\t\t<\/div>\n\t\t\t\t\t<\/div>\n\t\t\t\t<\/div>\n\t\t\t\t<section class=\"elementor-section elementor-inner-section elementor-element elementor-element-7d8e1ff elementor-section-height-default elementor-section-boxed elementor-section-height-default\" data-id=\"7d8e1ff\" data-element_type=\"section\" data-e-type=\"section\" data-settings=\"{&quot;background_background&quot;:&quot;gradient&quot;}\">\n\t\t\t\t\t\t<div class=\"elementor-container elementor-column-gap-default\">\n\t\t\t\t\t<div class=\"elementor-column elementor-col-100 elementor-top-column elementor-element elementor-element-0c81aaa\" data-id=\"0c81aaa\" data-element_type=\"column\" data-e-type=\"column\">\n\t\t\t<div class=\"elementor-widget-wrap elementor-element-populated\">\n\t\t\t\t\t\t<div class=\"elementor-element elementor-element-6be7a03 elementor-widget elementor-widget-heading\" data-id=\"6be7a03\" data-element_type=\"widget\" data-e-type=\"widget\" data-widget_type=\"heading.default\">\n\t\t\t\t\t<h2 class=\"elementor-heading-title elementor-size-default\">\u00bfC\u00f3mo Funciona?<\/h2>\t\t\t\t<\/div>\n\t\t\t\t<div class=\"elementor-element elementor-element-d5a7370 elementor-widget elementor-widget-text-editor\" data-id=\"d5a7370\" data-element_type=\"widget\" data-e-type=\"widget\" data-widget_type=\"text-editor.default\">\n\t\t\t\t\t\t\t\t\t<p>El proceso para unirte a Green Palace es r\u00e1pido y sencillo<\/p>\t\t\t\t\t\t\t\t<\/div>\n\t\t\t\t<div class=\"elementor-element elementor-element-f08aa30 elementor-widget elementor-widget-spacer\" data-id=\"f08aa30\" data-element_type=\"widget\" data-e-type=\"widget\" data-widget_type=\"spacer.default\">\n\t\t\t\t\t\t\t<div class=\"elementor-spacer\">\n\t\t\t<div class=\"elementor-spacer-inner\"><\/div>\n\t\t<\/div>\n\t\t\t\t\t\t<\/div>\n\t\t\t\t\t<\/div>\n\t\t<\/div>\n\t\t\t\t\t<\/div>\n\t\t<\/section>\n\t\t\t\t<section class=\"elementor-section elementor-inner-section elementor-element elementor-element-6064e5b elementor-section-height-default elementor-section-boxed elementor-section-height-default\" data-id=\"6064e5b\" data-element_type=\"section\" data-e-type=\"section\" data-settings=\"{&quot;background_background&quot;:&quot;classic&quot;}\">\n\t\t\t\t\t\t<div class=\"elementor-container elementor-column-gap-extended\">\n\t\t\t\t\t<div class=\"elementor-column elementor-col-25 elementor-top-column elementor-element elementor-element-5ed0d62\" data-id=\"5ed0d62\" data-element_type=\"column\" data-e-type=\"column\">\n\t\t\t<div class=\"elementor-widget-wrap elementor-element-populated\">\n\t\t\t\t\t\t<div class=\"elementor-element elementor-element-e84723b elementor-widget elementor-widget-html\" data-id=\"e84723b\" data-element_type=\"widget\" data-e-type=\"widget\" data-widget_type=\"html.default\">\n\t\t\t\t\t<div style=\"text-align:center;font-family:'Outfit',sans-serif\"><div style=\"width:64px;height:64px;border-radius:50%;background:rgba(0,255,157,0.1);border:2px solid rgba(0,255,157,0.3);display:flex;align-items:center;justify-content:center;margin:0 auto 20px;font-size:1.5rem;font-weight:800;color:#00FF9D\">1<\/div><h3 style=\"font-size:1.1rem;color:#F4F4F5;margin:0 0 10px;font-weight:800\">Rellena el Formulario<\/h3><p style=\"font-size:0.92rem;color:#A1A1AA;margin:0;line-height:1.6\">Completa la solicitud de acceso con tus datos personales desde esta misma p\u00e1gina.<\/p><\/div>\t\t\t\t<\/div>\n\t\t\t\t\t<\/div>\n\t\t<\/div>\n\t\t\t\t<div class=\"elementor-column elementor-col-25 elementor-top-column elementor-element elementor-element-0f3ac8d\" data-id=\"0f3ac8d\" data-element_type=\"column\" data-e-type=\"column\">\n\t\t\t<div class=\"elementor-widget-wrap elementor-element-populated\">\n\t\t\t\t\t\t<div class=\"elementor-element elementor-element-72cd312 elementor-widget elementor-widget-html\" data-id=\"72cd312\" data-element_type=\"widget\" data-e-type=\"widget\" data-widget_type=\"html.default\">\n\t\t\t\t\t<div style=\"text-align:center;font-family:'Outfit',sans-serif\"><div style=\"width:64px;height:64px;border-radius:50%;background:rgba(0,255,157,0.1);border:2px solid rgba(0,255,157,0.3);display:flex;align-items:center;justify-content:center;margin:0 auto 20px;font-size:1.5rem;font-weight:800;color:#00FF9D\">2<\/div><h3 style=\"font-size:1.1rem;color:#F4F4F5;margin:0 0 10px;font-weight:800\">Te Contactamos<\/h3><p style=\"font-size:0.92rem;color:#A1A1AA;margin:0;line-height:1.6\">Nuestro equipo revisar\u00e1 tu solicitud y se pondr\u00e1 en contacto contigo en menos de 24h.<\/p><\/div>\t\t\t\t<\/div>\n\t\t\t\t\t<\/div>\n\t\t<\/div>\n\t\t\t\t<div class=\"elementor-column elementor-col-25 elementor-top-column elementor-element elementor-element-6a74c21\" data-id=\"6a74c21\" data-element_type=\"column\" data-e-type=\"column\">\n\t\t\t<div class=\"elementor-widget-wrap elementor-element-populated\">\n\t\t\t\t\t\t<div class=\"elementor-element elementor-element-26f3d5e elementor-widget elementor-widget-html\" data-id=\"26f3d5e\" data-element_type=\"widget\" data-e-type=\"widget\" data-widget_type=\"html.default\">\n\t\t\t\t\t<div style=\"text-align:center;font-family:'Outfit',sans-serif\"><div style=\"width:64px;height:64px;border-radius:50%;background:rgba(0,255,157,0.1);border:2px solid rgba(0,255,157,0.3);display:flex;align-items:center;justify-content:center;margin:0 auto 20px;font-size:1.5rem;font-weight:800;color:#00FF9D\">3<\/div><h3 style=\"font-size:1.1rem;color:#F4F4F5;margin:0 0 10px;font-weight:800\">Visita el Club<\/h3><p style=\"font-size:0.92rem;color:#A1A1AA;margin:0;line-height:1.6\">Ven con tu DNI o pasaporte a nuestras instalaciones en Calle Sardana 17, Badalona.<\/p><\/div>\t\t\t\t<\/div>\n\t\t\t\t\t<\/div>\n\t\t<\/div>\n\t\t\t\t<div class=\"elementor-column elementor-col-25 elementor-top-column elementor-element elementor-element-2539e12\" data-id=\"2539e12\" data-element_type=\"column\" data-e-type=\"column\">\n\t\t\t<div class=\"elementor-widget-wrap elementor-element-populated\">\n\t\t\t\t\t\t<div class=\"elementor-element elementor-element-d1773cf elementor-widget elementor-widget-html\" data-id=\"d1773cf\" data-element_type=\"widget\" data-e-type=\"widget\" data-widget_type=\"html.default\">\n\t\t\t\t\t<div style=\"text-align:center;font-family:'Outfit',sans-serif\"><div style=\"width:64px;height:64px;border-radius:50%;background:rgba(0,255,157,0.1);border:2px solid rgba(0,255,157,0.3);display:flex;align-items:center;justify-content:center;margin:0 auto 20px;font-size:1.5rem;font-weight:800;color:#00FF9D\">4<\/div><h3 style=\"font-size:1.1rem;color:#F4F4F5;margin:0 0 10px;font-weight:800\">\u00a1Bienvenido!<\/h3><p style=\"font-size:0.92rem;color:#A1A1AA;margin:0;line-height:1.6\">Completa tu alta presencialmente y empieza a disfrutar de todos los beneficios del club.<\/p><\/div>\t\t\t\t<\/div>\n\t\t\t\t\t<\/div>\n\t\t<\/div>\n\t\t\t\t\t<\/div>\n\t\t<\/section>\n\t\t\t\t<section class=\"elementor-section elementor-inner-section elementor-element elementor-element-4ac8713 elementor-section-height-default elementor-section-boxed elementor-section-height-default\" data-id=\"4ac8713\" data-element_type=\"section\" data-e-type=\"section\" data-settings=\"{&quot;background_background&quot;:&quot;classic&quot;}\">\n\t\t\t\t\t\t<div class=\"elementor-container elementor-column-gap-default\">\n\t\t\t\t\t<div class=\"elementor-column elementor-col-100 elementor-top-column elementor-element elementor-element-8a751a0\" data-id=\"8a751a0\" data-element_type=\"column\" data-e-type=\"column\">\n\t\t\t<div class=\"elementor-widget-wrap elementor-element-populated\">\n\t\t\t\t\t\t<div class=\"elementor-element elementor-element-08a17e6 elementor-widget elementor-widget-heading\" data-id=\"08a17e6\" data-element_type=\"widget\" data-e-type=\"widget\" data-widget_type=\"heading.default\">\n\t\t\t\t\t<h2 class=\"elementor-heading-title elementor-size-default\">Requisitos para Ser Socio<\/h2>\t\t\t\t<\/div>\n\t\t\t\t<div class=\"elementor-element elementor-element-f70a9ee elementor-widget elementor-widget-text-editor\" data-id=\"f70a9ee\" data-element_type=\"widget\" data-e-type=\"widget\" data-widget_type=\"text-editor.default\">\n\t\t\t\t\t\t\t\t\t<p>Aseg\u00farate de cumplir estos requisitos antes de solicitar el acceso<\/p>\t\t\t\t\t\t\t\t<\/div>\n\t\t\t\t<div class=\"elementor-element elementor-element-c2f1648 elementor-widget elementor-widget-spacer\" data-id=\"c2f1648\" data-element_type=\"widget\" data-e-type=\"widget\" data-widget_type=\"spacer.default\">\n\t\t\t\t\t\t\t<div class=\"elementor-spacer\">\n\t\t\t<div class=\"elementor-spacer-inner\"><\/div>\n\t\t<\/div>\n\t\t\t\t\t\t<\/div>\n\t\t\t\t<div class=\"elementor-element elementor-element-eaf1155 elementor-widget elementor-widget-html\" data-id=\"eaf1155\" data-element_type=\"widget\" data-e-type=\"widget\" data-widget_type=\"html.default\">\n\t\t\t\t\t<div style=\"display:grid;grid-template-columns:1fr 1fr;gap:20px;font-family:'Outfit',sans-serif\">\n  <div style=\"background:rgba(15,15,15,0.4);border:1px solid rgba(255,255,255,0.08);border-radius:14px;padding:30px 25px;display:flex;align-items:flex-start;gap:16px;backdrop-filter:blur(10px);transition:transform 0.3s ease\">\n    <div style=\"width:48px;height:48px;min-width:48px;border-radius:12px;background:rgba(0,255,157,0.1);display:flex;align-items:center;justify-content:center\"><i class=\"fas fa-birthday-cake\" style=\"color:#00FF9D;font-size:1.2rem\"><\/i><\/div>\n    <div><h4 style=\"font-size:1.05rem;font-weight:800;color:#F4F4F5;margin:0 0 6px\">Mayor de 21 A\u00f1os<\/h4><p style=\"font-size:0.92rem;margin:0;color:#A1A1AA;line-height:1.5\">Es obligatorio ser mayor de 21 a\u00f1os para ser miembro de cualquier asociaci\u00f3n cann\u00e1bica.<\/p><\/div>\n  <\/div>\n  <div style=\"background:rgba(15,15,15,0.4);border:1px solid rgba(255,255,255,0.08);border-radius:14px;padding:30px 25px;display:flex;align-items:flex-start;gap:16px;backdrop-filter:blur(10px)\">\n    <div style=\"width:48px;height:48px;min-width:48px;border-radius:12px;background:rgba(0,255,157,0.1);display:flex;align-items:center;justify-content:center\"><i class=\"fas fa-id-card\" style=\"color:#00FF9D;font-size:1.2rem\"><\/i><\/div>\n    <div><h4 style=\"font-size:1.05rem;font-weight:800;color:#F4F4F5;margin:0 0 6px\">Documento de Identidad<\/h4><p style=\"font-size:0.92rem;margin:0;color:#A1A1AA;line-height:1.5\">Necesitas presentar DNI, pasaporte o carnet de conducir en vigor con foto.<\/p><\/div>\n  <\/div>\n  <div style=\"background:rgba(15,15,15,0.4);border:1px solid rgba(255,255,255,0.08);border-radius:14px;padding:30px 25px;display:flex;align-items:flex-start;gap:16px;backdrop-filter:blur(10px)\">\n    <div style=\"width:48px;height:48px;min-width:48px;border-radius:12px;background:rgba(0,255,157,0.1);display:flex;align-items:center;justify-content:center\"><i class=\"fas fa-user-friends\" style=\"color:#00FF9D;font-size:1.2rem\"><\/i><\/div>\n    <div><h4 style=\"font-size:1.05rem;font-weight:800;color:#F4F4F5;margin:0 0 6px\">Visita Presencial<\/h4><p style=\"font-size:0.92rem;margin:0;color:#A1A1AA;line-height:1.5\">El alta final se completa presencialmente en nuestras instalaciones de Badalona.<\/p><\/div>\n  <\/div>\n  <div style=\"background:rgba(15,15,15,0.4);border:1px solid rgba(255,255,255,0.08);border-radius:14px;padding:30px 25px;display:flex;align-items:flex-start;gap:16px;backdrop-filter:blur(10px)\">\n    <div style=\"width:48px;height:48px;min-width:48px;border-radius:12px;background:rgba(0,255,157,0.1);display:flex;align-items:center;justify-content:center\"><i class=\"fas fa-file-signature\" style=\"color:#00FF9D;font-size:1.2rem\"><\/i><\/div>\n    <div><h4 style=\"font-size:1.05rem;font-weight:800;color:#F4F4F5;margin:0 0 6px\">Aceptar las Normas<\/h4><p style=\"font-size:0.92rem;margin:0;color:#A1A1AA;line-height:1.5\">Deber\u00e1s aceptar las pol\u00edticas de conducta, normas de acceso y pol\u00edtica de privacidad.<\/p><\/div>\n  <\/div>\n<\/div>\t\t\t\t<\/div>\n\t\t\t\t\t<\/div>\n\t\t<\/div>\n\t\t\t\t\t<\/div>\n\t\t<\/section>\n\t\t\t\t<\/div>\n\t\t","protected":false},"excerpt":{"rendered":"<p>PLAZAS LIMITADAS \u00danete a la \u00c9lite Cann\u00e1bica de Badalona Green Palace es m\u00e1s que un club: es una comunidad exclusiva. Solicita tu acceso y descubre un espacio premium pensado para verdaderos conocedores. Acceso a gen\u00e9ticas premium y extracciones exclusivas Eventos diarios con promociones y sorteos para socios Lounge exclusivo con WiFi, gaming y zona chill [&hellip;]<\/p>\n","protected":false},"author":1,"featured_media":0,"parent":0,"menu_order":0,"comment_status":"closed","ping_status":"closed","template":"","meta":{"footnotes":""},"class_list":["post-122","page","type-page","status-publish","hentry"],"_links":{"self":[{"href":"https:\/\/badalonaweedclub.com\/en\/wp-json\/wp\/v2\/pages\/122","targetHints":{"allow":["GET"]}}],"collection":[{"href":"https:\/\/badalonaweedclub.com\/en\/wp-json\/wp\/v2\/pages"}],"about":[{"href":"https:\/\/badalonaweedclub.com\/en\/wp-json\/wp\/v2\/types\/page"}],"author":[{"embeddable":true,"href":"https:\/\/badalonaweedclub.com\/en\/wp-json\/wp\/v2\/users\/1"}],"replies":[{"embeddable":true,"href":"https:\/\/badalonaweedclub.com\/en\/wp-json\/wp\/v2\/comments?post=122"}],"version-history":[{"count":0,"href":"https:\/\/badalonaweedclub.com\/en\/wp-json\/wp\/v2\/pages\/122\/revisions"}],"wp:attachment":[{"href":"https:\/\/badalonaweedclub.com\/en\/wp-json\/wp\/v2\/media?parent=122"}],"curies":[{"name":"wp","href":"https:\/\/api.w.org\/{rel}","templated":true}]}}