{"id":80,"date":"2026-03-04T11:54:30","date_gmt":"2026-03-04T11:54:30","guid":{"rendered":"https:\/\/badalonaweedclub.com\/?page_id=80"},"modified":"2026-03-05T09:03:13","modified_gmt":"2026-03-05T09:03:13","slug":"cannabis-events","status":"publish","type":"page","link":"https:\/\/badalonaweedclub.com\/en\/eventos-cannabicos\/","title":{"rendered":"Cannabis Events"},"content":{"rendered":"\t\t<div data-elementor-type=\"wp-page\" data-elementor-id=\"80\" class=\"elementor elementor-80\" data-elementor-post-type=\"page\">\n\t\t\t\t\t\t<section class=\"elementor-section elementor-inner-section elementor-element elementor-element-aff8ed3 elementor-section-height-default elementor-section-boxed elementor-section-height-default\" data-id=\"aff8ed3\" data-element_type=\"section\" data-e-type=\"section\" data-settings=\"{&quot;background_background&quot;:&quot;classic&quot;}\">\n\t\t\t\t\t\t<div class=\"elementor-container elementor-column-gap-default\">\n\t\t\t\t\t<div class=\"elementor-column elementor-col-100 elementor-top-column elementor-element elementor-element-cf2f4e3\" data-id=\"cf2f4e3\" data-element_type=\"column\" data-e-type=\"column\">\n\t\t\t<div class=\"elementor-widget-wrap elementor-element-populated\">\n\t\t\t\t\t\t<div class=\"elementor-element elementor-element-66c3bb7 elementor-widget elementor-widget-heading\" data-id=\"66c3bb7\" data-element_type=\"widget\" data-e-type=\"widget\" data-widget_type=\"heading.default\">\n\t\t\t\t\t<h2 class=\"elementor-heading-title elementor-size-default\">Todos los Eventos Cann\u00e1bicos<\/h2>\t\t\t\t<\/div>\n\t\t\t\t<div class=\"elementor-element elementor-element-5493ec7 elementor-widget elementor-widget-text-editor\" data-id=\"5493ec7\" data-element_type=\"widget\" data-e-type=\"widget\" data-widget_type=\"text-editor.default\">\n\t\t\t\t\t\t\t\t\t<p>Descubre el calendario completo de nuestra asociaci\u00f3n y no te pierdas nada.<\/p>\t\t\t\t\t\t\t\t<\/div>\n\t\t\t\t\t<\/div>\n\t\t<\/div>\n\t\t\t\t\t<\/div>\n\t\t<\/section>\n\t\t<div class=\"elementor-element elementor-element-f7a2e04 e-con-full e-flex e-con e-parent\" data-id=\"f7a2e04\" data-element_type=\"container\" data-e-type=\"container\" data-settings=\"{&quot;background_background&quot;:&quot;classic&quot;}\">\n\t\t<div class=\"elementor-element elementor-element-8ab95b4 e-con-full e-flex e-con e-child\" data-id=\"8ab95b4\" data-element_type=\"container\" data-e-type=\"container\" data-settings=\"{&quot;background_background&quot;:&quot;classic&quot;}\">\n\t\t\t\t<div class=\"elementor-element elementor-element-32a4578 elementor-widget elementor-widget-image\" data-id=\"32a4578\" data-element_type=\"widget\" data-e-type=\"widget\" data-widget_type=\"image.default\">\n\t\t\t\t\t\t\t\t\t\t\t\t\t\t\t<img fetchpriority=\"high\" decoding=\"async\" width=\"576\" height=\"1024\" src=\"https:\/\/badalonaweedclub.com\/wp-content\/uploads\/2026\/03\/lunes-recomendacion-weed-club-badalona-576x1024.jpg\" class=\"attachment-large size-large wp-image-30\" alt=\"\" srcset=\"https:\/\/badalonaweedclub.com\/wp-content\/uploads\/2026\/03\/lunes-recomendacion-weed-club-badalona-576x1024.jpg 576w, https:\/\/badalonaweedclub.com\/wp-content\/uploads\/2026\/03\/lunes-recomendacion-weed-club-badalona-169x300.jpg 169w, https:\/\/badalonaweedclub.com\/wp-content\/uploads\/2026\/03\/lunes-recomendacion-weed-club-badalona-768x1365.jpg 768w, https:\/\/badalonaweedclub.com\/wp-content\/uploads\/2026\/03\/lunes-recomendacion-weed-club-badalona-864x1536.jpg 864w, https:\/\/badalonaweedclub.com\/wp-content\/uploads\/2026\/03\/lunes-recomendacion-weed-club-badalona.jpg 1080w\" sizes=\"(max-width: 576px) 100vw, 576px\" \/>\t\t\t\t\t\t\t\t\t\t\t\t\t\t\t<\/div>\n\t\t\t\t<div class=\"elementor-element elementor-element-59a35d9 elementor-widget elementor-widget-heading\" data-id=\"59a35d9\" data-element_type=\"widget\" data-e-type=\"widget\" data-widget_type=\"heading.default\">\n\t\t\t\t\t<div class=\"elementor-heading-title elementor-size-default\">LUNES<\/div>\t\t\t\t<\/div>\n\t\t\t\t<div class=\"elementor-element elementor-element-e476bc6 elementor-widget elementor-widget-heading\" data-id=\"e476bc6\" data-element_type=\"widget\" data-e-type=\"widget\" data-widget_type=\"heading.default\">\n\t\t\t\t\t<h3 class=\"elementor-heading-title elementor-size-default\">Recomendaci\u00f3n<\/h3>\t\t\t\t<\/div>\n\t\t\t\t<div class=\"elementor-element elementor-element-a41fbf5 elementor-widget elementor-widget-text-editor\" data-id=\"a41fbf5\" data-element_type=\"widget\" data-e-type=\"widget\" data-widget_type=\"text-editor.default\">\n\t\t\t\t\t\t\t\t\t<p>Empezamos la semana destacando calidad. Cada lunes seleccionamos una gen\u00e9tica de weed y una de hash con una reducci\u00f3n especial de 2 cr\u00e9ditos.<\/p>\t\t\t\t\t\t\t\t<\/div>\n\t\t\t\t<\/div>\n\t\t<div class=\"elementor-element elementor-element-f7b1f68 e-con-full e-flex e-con e-child\" data-id=\"f7b1f68\" data-element_type=\"container\" data-e-type=\"container\" data-settings=\"{&quot;background_background&quot;:&quot;classic&quot;}\">\n\t\t\t\t<div class=\"elementor-element elementor-element-97ff417 elementor-widget elementor-widget-image\" data-id=\"97ff417\" data-element_type=\"widget\" data-e-type=\"widget\" data-widget_type=\"image.default\">\n\t\t\t\t\t\t\t\t\t\t\t\t\t\t\t<img decoding=\"async\" width=\"768\" height=\"1365\" src=\"https:\/\/badalonaweedclub.com\/wp-content\/uploads\/2026\/03\/martes-verde-weed-badalona-768x1365.jpg\" class=\"attachment-medium_large size-medium_large wp-image-31\" alt=\"\" srcset=\"https:\/\/badalonaweedclub.com\/wp-content\/uploads\/2026\/03\/martes-verde-weed-badalona-768x1365.jpg 768w, https:\/\/badalonaweedclub.com\/wp-content\/uploads\/2026\/03\/martes-verde-weed-badalona-169x300.jpg 169w, https:\/\/badalonaweedclub.com\/wp-content\/uploads\/2026\/03\/martes-verde-weed-badalona-576x1024.jpg 576w, https:\/\/badalonaweedclub.com\/wp-content\/uploads\/2026\/03\/martes-verde-weed-badalona-864x1536.jpg 864w, https:\/\/badalonaweedclub.com\/wp-content\/uploads\/2026\/03\/martes-verde-weed-badalona.jpg 1080w\" sizes=\"(max-width: 768px) 100vw, 768px\" \/>\t\t\t\t\t\t\t\t\t\t\t\t\t\t\t<\/div>\n\t\t\t\t<div class=\"elementor-element elementor-element-71784b6 elementor-widget elementor-widget-heading\" data-id=\"71784b6\" data-element_type=\"widget\" data-e-type=\"widget\" data-widget_type=\"heading.default\">\n\t\t\t\t\t<div class=\"elementor-heading-title elementor-size-default\">MARTES<\/div>\t\t\t\t<\/div>\n\t\t\t\t<div class=\"elementor-element elementor-element-a8753b4 elementor-widget elementor-widget-heading\" data-id=\"a8753b4\" data-element_type=\"widget\" data-e-type=\"widget\" data-widget_type=\"heading.default\">\n\t\t\t\t\t<h3 class=\"elementor-heading-title elementor-size-default\">Verde<\/h3>\t\t\t\t<\/div>\n\t\t\t\t<div class=\"elementor-element elementor-element-e2821b9 elementor-widget elementor-widget-text-editor\" data-id=\"e2821b9\" data-element_type=\"widget\" data-e-type=\"widget\" data-widget_type=\"text-editor.default\">\n\t\t\t\t\t\t\t\t\t<p>D\u00eda para los amantes de las flores. Disfruta de un descuento especial en todas las gen\u00e9ticas de weed superiores a 8 cr\u00e9ditos.<\/p>\t\t\t\t\t\t\t\t<\/div>\n\t\t\t\t<\/div>\n\t\t<div class=\"elementor-element elementor-element-464d556 e-con-full e-flex e-con e-child\" data-id=\"464d556\" data-element_type=\"container\" data-e-type=\"container\" data-settings=\"{&quot;background_background&quot;:&quot;gradient&quot;}\">\n\t\t\t\t<div class=\"elementor-element elementor-element-a78da77 elementor-widget elementor-widget-image\" data-id=\"a78da77\" data-element_type=\"widget\" data-e-type=\"widget\" data-widget_type=\"image.default\">\n\t\t\t\t\t\t\t\t\t\t\t\t\t\t\t<img decoding=\"async\" width=\"768\" height=\"1365\" src=\"https:\/\/badalonaweedclub.com\/wp-content\/uploads\/2026\/03\/miercoles-cartas-magicas-cannabis-badalona-768x1365.jpg\" class=\"attachment-medium_large size-medium_large wp-image-32\" alt=\"\" srcset=\"https:\/\/badalonaweedclub.com\/wp-content\/uploads\/2026\/03\/miercoles-cartas-magicas-cannabis-badalona-768x1365.jpg 768w, https:\/\/badalonaweedclub.com\/wp-content\/uploads\/2026\/03\/miercoles-cartas-magicas-cannabis-badalona-169x300.jpg 169w, https:\/\/badalonaweedclub.com\/wp-content\/uploads\/2026\/03\/miercoles-cartas-magicas-cannabis-badalona-576x1024.jpg 576w, https:\/\/badalonaweedclub.com\/wp-content\/uploads\/2026\/03\/miercoles-cartas-magicas-cannabis-badalona-864x1536.jpg 864w, https:\/\/badalonaweedclub.com\/wp-content\/uploads\/2026\/03\/miercoles-cartas-magicas-cannabis-badalona.jpg 1080w\" sizes=\"(max-width: 768px) 100vw, 768px\" \/>\t\t\t\t\t\t\t\t\t\t\t\t\t\t\t<\/div>\n\t\t\t\t<div class=\"elementor-element elementor-element-f75c7f9 elementor-widget elementor-widget-heading\" data-id=\"f75c7f9\" data-element_type=\"widget\" data-e-type=\"widget\" data-widget_type=\"heading.default\">\n\t\t\t\t\t<div class=\"elementor-heading-title elementor-size-default\">MI\u00c9RCOLES<\/div>\t\t\t\t<\/div>\n\t\t\t\t<div class=\"elementor-element elementor-element-51d077a elementor-widget elementor-widget-heading\" data-id=\"51d077a\" data-element_type=\"widget\" data-e-type=\"widget\" data-widget_type=\"heading.default\">\n\t\t\t\t\t<h3 class=\"elementor-heading-title elementor-size-default\">Cartas M\u00e1gicas<\/h3>\t\t\t\t<\/div>\n\t\t\t\t<div class=\"elementor-element elementor-element-f7f9cd4 elementor-widget elementor-widget-text-editor\" data-id=\"f7f9cd4\" data-element_type=\"widget\" data-e-type=\"widget\" data-widget_type=\"text-editor.default\">\n\t\t\t\t\t\t\t\t\t<p>Con una aportaci\u00f3n de 50 cr\u00e9ditos recibes una carta especial. Al conseguir 4 cartas obtienes 1g de weed. \u00a1Colecci\u00f3n completa = 1g de extracci\u00f3n!<\/p>\t\t\t\t\t\t\t\t<\/div>\n\t\t\t\t<\/div>\n\t\t<div class=\"elementor-element elementor-element-647ce0a e-con-full e-flex e-con e-child\" data-id=\"647ce0a\" data-element_type=\"container\" data-e-type=\"container\" data-settings=\"{&quot;background_background&quot;:&quot;classic&quot;}\">\n\t\t\t\t<div class=\"elementor-element elementor-element-244bf59 elementor-widget elementor-widget-image\" data-id=\"244bf59\" data-element_type=\"widget\" data-e-type=\"widget\" data-widget_type=\"image.default\">\n\t\t\t\t\t\t\t\t\t\t\t\t\t\t\t<img loading=\"lazy\" decoding=\"async\" width=\"768\" height=\"1365\" src=\"https:\/\/badalonaweedclub.com\/wp-content\/uploads\/2026\/03\/jueves-merienda-asociacion-fumadores-badalona-768x1365.jpg\" class=\"attachment-medium_large size-medium_large wp-image-33\" alt=\"\" srcset=\"https:\/\/badalonaweedclub.com\/wp-content\/uploads\/2026\/03\/jueves-merienda-asociacion-fumadores-badalona-768x1365.jpg 768w, https:\/\/badalonaweedclub.com\/wp-content\/uploads\/2026\/03\/jueves-merienda-asociacion-fumadores-badalona-169x300.jpg 169w, https:\/\/badalonaweedclub.com\/wp-content\/uploads\/2026\/03\/jueves-merienda-asociacion-fumadores-badalona-576x1024.jpg 576w, https:\/\/badalonaweedclub.com\/wp-content\/uploads\/2026\/03\/jueves-merienda-asociacion-fumadores-badalona-864x1536.jpg 864w, https:\/\/badalonaweedclub.com\/wp-content\/uploads\/2026\/03\/jueves-merienda-asociacion-fumadores-badalona.jpg 1080w\" sizes=\"(max-width: 768px) 100vw, 768px\" \/>\t\t\t\t\t\t\t\t\t\t\t\t\t\t\t<\/div>\n\t\t\t\t<div class=\"elementor-element elementor-element-540cf0e elementor-widget elementor-widget-heading\" data-id=\"540cf0e\" data-element_type=\"widget\" data-e-type=\"widget\" data-widget_type=\"heading.default\">\n\t\t\t\t\t<div class=\"elementor-heading-title elementor-size-default\">JUEVES<\/div>\t\t\t\t<\/div>\n\t\t\t\t<div class=\"elementor-element elementor-element-45968da elementor-widget elementor-widget-heading\" data-id=\"45968da\" data-element_type=\"widget\" data-e-type=\"widget\" data-widget_type=\"heading.default\">\n\t\t\t\t\t<h3 class=\"elementor-heading-title elementor-size-default\">Merienda + Happy Hours<\/h3>\t\t\t\t<\/div>\n\t\t\t\t<div class=\"elementor-element elementor-element-8454a8e elementor-widget elementor-widget-text-editor\" data-id=\"8454a8e\" data-element_type=\"widget\" data-e-type=\"widget\" data-widget_type=\"text-editor.default\">\n\t\t\t\t\t\t\t\t\t<p>Merienda relajada en el club. Happy Hour (16:00-18:00): Con dispensada m\u00ednima de 25 cr\u00e9ditos, 0,5g de weed o hash extra.<\/p>\t\t\t\t\t\t\t\t<\/div>\n\t\t\t\t<\/div>\n\t\t\t\t<\/div>\n\t\t<div class=\"elementor-element elementor-element-61503ec e-con-full e-flex e-con e-parent\" data-id=\"61503ec\" data-element_type=\"container\" data-e-type=\"container\" data-settings=\"{&quot;background_background&quot;:&quot;classic&quot;}\">\n\t\t<div class=\"elementor-element elementor-element-6326d6b e-con-full e-flex e-con e-child\" data-id=\"6326d6b\" data-element_type=\"container\" data-e-type=\"container\" data-settings=\"{&quot;background_background&quot;:&quot;classic&quot;}\">\n\t\t\t\t<div class=\"elementor-element elementor-element-6b76148 elementor-widget elementor-widget-image\" data-id=\"6b76148\" data-element_type=\"widget\" data-e-type=\"widget\" data-widget_type=\"image.default\">\n\t\t\t\t\t\t\t\t\t\t\t\t\t\t\t<img loading=\"lazy\" decoding=\"async\" width=\"576\" height=\"1024\" src=\"https:\/\/badalonaweedclub.com\/wp-content\/uploads\/2026\/03\/viernes-weed-club-badalona-576x1024.jpg\" class=\"attachment-large size-large wp-image-34\" alt=\"\" srcset=\"https:\/\/badalonaweedclub.com\/wp-content\/uploads\/2026\/03\/viernes-weed-club-badalona-576x1024.jpg 576w, https:\/\/badalonaweedclub.com\/wp-content\/uploads\/2026\/03\/viernes-weed-club-badalona-169x300.jpg 169w, https:\/\/badalonaweedclub.com\/wp-content\/uploads\/2026\/03\/viernes-weed-club-badalona-768x1365.jpg 768w, https:\/\/badalonaweedclub.com\/wp-content\/uploads\/2026\/03\/viernes-weed-club-badalona-864x1536.jpg 864w, https:\/\/badalonaweedclub.com\/wp-content\/uploads\/2026\/03\/viernes-weed-club-badalona.jpg 1080w\" sizes=\"(max-width: 576px) 100vw, 576px\" \/>\t\t\t\t\t\t\t\t\t\t\t\t\t\t\t<\/div>\n\t\t\t\t<div class=\"elementor-element elementor-element-7d24a4c elementor-widget elementor-widget-heading\" data-id=\"7d24a4c\" data-element_type=\"widget\" data-e-type=\"widget\" data-widget_type=\"heading.default\">\n\t\t\t\t\t<div class=\"elementor-heading-title elementor-size-default\">VIERNES<\/div>\t\t\t\t<\/div>\n\t\t\t\t<div class=\"elementor-element elementor-element-7206973 elementor-widget elementor-widget-heading\" data-id=\"7206973\" data-element_type=\"widget\" data-e-type=\"widget\" data-widget_type=\"heading.default\">\n\t\t\t\t\t<h3 class=\"elementor-heading-title elementor-size-default\">\u00bfCu\u00e1nto Pesa?<\/h3>\t\t\t\t<\/div>\n\t\t\t\t<div class=\"elementor-element elementor-element-29d01d9 elementor-widget elementor-widget-text-editor\" data-id=\"29d01d9\" data-element_type=\"widget\" data-e-type=\"widget\" data-widget_type=\"text-editor.default\">\n\t\t\t\t\t\t\t\t\t<p>Pon a prueba tu ojo experto. Juego de adivinanza del peso exacto del cogollo o hash con premios especiales.<\/p>\t\t\t\t\t\t\t\t<\/div>\n\t\t\t\t<\/div>\n\t\t<div class=\"elementor-element elementor-element-aca371f e-con-full e-flex e-con e-child\" data-id=\"aca371f\" data-element_type=\"container\" data-e-type=\"container\" data-settings=\"{&quot;background_background&quot;:&quot;classic&quot;}\">\n\t\t\t\t<div class=\"elementor-element elementor-element-91b61db elementor-widget elementor-widget-image\" data-id=\"91b61db\" data-element_type=\"widget\" data-e-type=\"widget\" data-widget_type=\"image.default\">\n\t\t\t\t\t\t\t\t\t\t\t\t\t\t\t<img loading=\"lazy\" decoding=\"async\" width=\"576\" height=\"1024\" src=\"https:\/\/badalonaweedclub.com\/wp-content\/uploads\/2026\/03\/sabado-sorteo-cannabis-club-badalona-576x1024.jpg\" class=\"attachment-large size-large wp-image-35\" alt=\"\" srcset=\"https:\/\/badalonaweedclub.com\/wp-content\/uploads\/2026\/03\/sabado-sorteo-cannabis-club-badalona-576x1024.jpg 576w, https:\/\/badalonaweedclub.com\/wp-content\/uploads\/2026\/03\/sabado-sorteo-cannabis-club-badalona-169x300.jpg 169w, https:\/\/badalonaweedclub.com\/wp-content\/uploads\/2026\/03\/sabado-sorteo-cannabis-club-badalona-768x1365.jpg 768w, https:\/\/badalonaweedclub.com\/wp-content\/uploads\/2026\/03\/sabado-sorteo-cannabis-club-badalona-864x1536.jpg 864w, https:\/\/badalonaweedclub.com\/wp-content\/uploads\/2026\/03\/sabado-sorteo-cannabis-club-badalona.jpg 1080w\" sizes=\"(max-width: 576px) 100vw, 576px\" \/>\t\t\t\t\t\t\t\t\t\t\t\t\t\t\t<\/div>\n\t\t\t\t<div class=\"elementor-element elementor-element-60d77b0 elementor-widget elementor-widget-heading\" data-id=\"60d77b0\" data-element_type=\"widget\" data-e-type=\"widget\" data-widget_type=\"heading.default\">\n\t\t\t\t\t<div class=\"elementor-heading-title elementor-size-default\">S\u00c1BADO<\/div>\t\t\t\t<\/div>\n\t\t\t\t<div class=\"elementor-element elementor-element-2cf90ec elementor-widget elementor-widget-heading\" data-id=\"2cf90ec\" data-element_type=\"widget\" data-e-type=\"widget\" data-widget_type=\"heading.default\">\n\t\t\t\t\t<h3 class=\"elementor-heading-title elementor-size-default\">Sorteo Semanal<\/h3>\t\t\t\t<\/div>\n\t\t\t\t<div class=\"elementor-element elementor-element-371cd6e elementor-widget elementor-widget-text-editor\" data-id=\"371cd6e\" data-element_type=\"widget\" data-e-type=\"widget\" data-widget_type=\"text-editor.default\">\n\t\t\t\t\t\t\t\t\t<p>Cada dispensada de 10 cr\u00e9ditos te otorga una participaci\u00f3n en el gran sorteo del d\u00eda. \u00a1Ven y prueba tu suerte!<\/p>\t\t\t\t\t\t\t\t<\/div>\n\t\t\t\t<\/div>\n\t\t<div class=\"elementor-element elementor-element-b1b10cc e-con-full e-flex e-con e-child\" data-id=\"b1b10cc\" data-element_type=\"container\" data-e-type=\"container\" data-settings=\"{&quot;background_background&quot;:&quot;classic&quot;}\">\n\t\t\t\t<div class=\"elementor-element elementor-element-64cea16 elementor-widget elementor-widget-image\" data-id=\"64cea16\" data-element_type=\"widget\" data-e-type=\"widget\" data-widget_type=\"image.default\">\n\t\t\t\t\t\t\t\t\t\t\t\t\t\t\t<img loading=\"lazy\" decoding=\"async\" width=\"576\" height=\"1024\" src=\"https:\/\/badalonaweedclub.com\/wp-content\/uploads\/2026\/03\/Domingo-chocolatoso-social-club-badalona-576x1024.jpg\" class=\"attachment-large size-large wp-image-36\" alt=\"\" srcset=\"https:\/\/badalonaweedclub.com\/wp-content\/uploads\/2026\/03\/Domingo-chocolatoso-social-club-badalona-576x1024.jpg 576w, https:\/\/badalonaweedclub.com\/wp-content\/uploads\/2026\/03\/Domingo-chocolatoso-social-club-badalona-169x300.jpg 169w, https:\/\/badalonaweedclub.com\/wp-content\/uploads\/2026\/03\/Domingo-chocolatoso-social-club-badalona-768x1365.jpg 768w, https:\/\/badalonaweedclub.com\/wp-content\/uploads\/2026\/03\/Domingo-chocolatoso-social-club-badalona-864x1536.jpg 864w, https:\/\/badalonaweedclub.com\/wp-content\/uploads\/2026\/03\/Domingo-chocolatoso-social-club-badalona.jpg 1080w\" sizes=\"(max-width: 576px) 100vw, 576px\" \/>\t\t\t\t\t\t\t\t\t\t\t\t\t\t\t<\/div>\n\t\t\t\t<div class=\"elementor-element elementor-element-1e504d2 elementor-widget elementor-widget-heading\" data-id=\"1e504d2\" data-element_type=\"widget\" data-e-type=\"widget\" data-widget_type=\"heading.default\">\n\t\t\t\t\t<div class=\"elementor-heading-title elementor-size-default\">DOMINGO<\/div>\t\t\t\t<\/div>\n\t\t\t\t<div class=\"elementor-element elementor-element-cdaf266 elementor-widget elementor-widget-heading\" data-id=\"cdaf266\" data-element_type=\"widget\" data-e-type=\"widget\" data-widget_type=\"heading.default\">\n\t\t\t\t\t<h3 class=\"elementor-heading-title elementor-size-default\">Chocolatoso + Bingo<\/h3>\t\t\t\t<\/div>\n\t\t\t\t<div class=\"elementor-element elementor-element-6256bb6 elementor-widget elementor-widget-text-editor\" data-id=\"6256bb6\" data-element_type=\"widget\" data-e-type=\"widget\" data-widget_type=\"text-editor.default\">\n\t\t\t\t\t\t\t\t\t<p>Descuento en hash superiores a 8 cr\u00e9ditos. A las 18:30 te esperamos para nuestro Bingo comunitario de cierre de semana.<\/p>\t\t\t\t\t\t\t\t<\/div>\n\t\t\t\t<\/div>\n\t\t<div class=\"elementor-element elementor-element-17508b0 e-con-full e-flex e-con e-child\" data-id=\"17508b0\" data-element_type=\"container\" data-e-type=\"container\" data-settings=\"{&quot;background_background&quot;:&quot;classic&quot;}\">\n\t\t\t\t<div class=\"elementor-element elementor-element-081db12 elementor-widget elementor-widget-heading\" data-id=\"081db12\" data-element_type=\"widget\" data-e-type=\"widget\" data-widget_type=\"heading.default\">\n\t\t\t\t\t<div class=\"elementor-heading-title elementor-size-default\">FIN DE MES<\/div>\t\t\t\t<\/div>\n\t\t\t\t<div class=\"elementor-element elementor-element-0a677de elementor-widget elementor-widget-heading\" data-id=\"0a677de\" data-element_type=\"widget\" data-e-type=\"widget\" data-widget_type=\"heading.default\">\n\t\t\t\t\t<h3 class=\"elementor-heading-title elementor-size-default\">Noche Real<\/h3>\t\t\t\t<\/div>\n\t\t\t\t<div class=\"elementor-element elementor-element-17c2dde elementor-widget elementor-widget-text-editor\" data-id=\"17c2dde\" data-element_type=\"widget\" data-e-type=\"widget\" data-widget_type=\"text-editor.default\">\n\t\t\t\t\t\t\t\t\t<p>El \u00faltimo d\u00eda del mes tiramos la casa por la ventana. Descuento en extracciones y <strong>Cata Exclusiva a las 19:00 h<\/strong>.<\/p>\t\t\t\t\t\t\t\t<\/div>\n\t\t\t\t<\/div>\n\t\t\t\t<\/div>\n\t\t<div class=\"elementor-element elementor-element-68ee7b4 e-flex e-con-boxed e-con e-parent\" data-id=\"68ee7b4\" data-element_type=\"container\" data-e-type=\"container\">\n\t\t\t\t\t<div class=\"e-con-inner\">\n\t\t<div class=\"elementor-element elementor-element-46da9af e-con-full e-flex e-con e-child\" data-id=\"46da9af\" data-element_type=\"container\" data-e-type=\"container\">\n\t\t\t\t<div class=\"elementor-element elementor-element-dad0977 elementor-widget elementor-widget-heading\" data-id=\"dad0977\" data-element_type=\"widget\" data-e-type=\"widget\" data-widget_type=\"heading.default\">\n\t\t\t\t\t<h2 class=\"elementor-heading-title elementor-size-default\">H\u00e1zte Miembro<\/h2>\t\t\t\t<\/div>\n\t\t\t\t<div class=\"elementor-element elementor-element-89f57cb elementor-button-align-stretch elementor-widget elementor-widget-form\" data-id=\"89f57cb\" data-element_type=\"widget\" data-e-type=\"widget\" data-settings=\"{&quot;step_next_label&quot;:&quot;Siguiente&quot;,&quot;step_previous_label&quot;:&quot;Anterior&quot;,&quot;button_width&quot;:&quot;100&quot;,&quot;step_type&quot;:&quot;number_text&quot;,&quot;step_icon_shape&quot;:&quot;circle&quot;}\" data-widget_type=\"form.default\">\n\t\t\t\t\t\t\t<form class=\"elementor-form\" method=\"post\" name=\"Solicitar Acceso\" aria-label=\"Solicitar Acceso\">\n\t\t\t<input type=\"hidden\" name=\"post_id\" value=\"80\"\/>\n\t\t\t<input type=\"hidden\" name=\"form_id\" value=\"89f57cb\"\/>\n\t\t\t<input type=\"hidden\" name=\"referer_title\" value=\"Eventos Cann\u00e1bicos - Green Palace\" \/>\n\n\t\t\t\t\t\t\t<input type=\"hidden\" name=\"queried_id\" value=\"80\"\/>\n\t\t\t\n\t\t\t<div class=\"elementor-form-fields-wrapper elementor-labels-above\">\n\t\t\t\t\t\t\t\t<div class=\"elementor-field-type-text elementor-field-group elementor-column elementor-field-group-nombre elementor-col-100 elementor-field-required\">\n\t\t\t\t\t\t\t\t\t\t\t\t<label for=\"form-field-nombre\" class=\"elementor-field-label\">\n\t\t\t\t\t\t\t\t\u00bfCu\u00e1l es tu nombre?\t\t\t\t\t\t\t<\/label>\n\t\t\t\t\t\t\t\t\t\t\t\t\t\t<input size=\"1\" type=\"text\" name=\"form_fields[nombre]\" id=\"form-field-nombre\" class=\"elementor-field elementor-size-sm  elementor-field-textual\" placeholder=\"Inserta tu nombre*\" required=\"required\">\n\t\t\t\t\t\t\t\t\t\t\t<\/div>\n\t\t\t\t\t\t\t\t<div class=\"elementor-field-type-email elementor-field-group elementor-column elementor-field-group-email elementor-col-100 elementor-field-required\">\n\t\t\t\t\t\t\t\t\t\t\t\t<label for=\"form-field-email\" class=\"elementor-field-label\">\n\t\t\t\t\t\t\t\tEmail\t\t\t\t\t\t\t<\/label>\n\t\t\t\t\t\t\t\t\t\t\t\t\t\t<input size=\"1\" type=\"email\" name=\"form_fields[email]\" id=\"form-field-email\" class=\"elementor-field elementor-size-sm  elementor-field-textual\" placeholder=\"ejemplo@gmail.com*\" required=\"required\">\n\t\t\t\t\t\t\t\t\t\t\t<\/div>\n\t\t\t\t\t\t\t\t<div class=\"elementor-field-type-select elementor-field-group elementor-column elementor-field-group-acepta elementor-col-100 elementor-field-required\">\n\t\t\t\t\t\t\t\t\t\t\t\t<label for=\"form-field-acepta\" class=\"elementor-field-label\">\n\t\t\t\t\t\t\t\t\u00bfAceptas nuestras pol\u00edticas de conducta de socios, normas de acceso y pol\u00edtica de privacidad?\t\t\t\t\t\t\t<\/label>\n\t\t\t\t\t\t\t\t<div class=\"elementor-field elementor-select-wrapper remove-before \">\n\t\t\t<div class=\"select-caret-down-wrapper\">\n\t\t\t\t<svg aria-hidden=\"true\" class=\"e-font-icon-svg e-eicon-caret-down\" viewBox=\"0 0 571.4 571.4\" xmlns=\"http:\/\/www.w3.org\/2000\/svg\"><path d=\"M571 393Q571 407 561 418L311 668Q300 679 286 679T261 668L11 418Q0 407 0 393T11 368 36 357H536Q550 357 561 368T571 393Z\"><\/path><\/svg>\t\t\t<\/div>\n\t\t\t<select name=\"form_fields[acepta]\" id=\"form-field-acepta\" class=\"elementor-field-textual elementor-size-sm\" required=\"required\">\n\t\t\t\t\t\t\t\t\t<option value=\"\">-Por favor, elija una opci\u00f3n-<\/option>\n\t\t\t\t\t\t\t\t\t<option value=\"si\">S\u00ed<\/option>\n\t\t\t\t\t\t\t\t\t<option value=\"no\">No<\/option>\n\t\t\t\t\t\t\t<\/select>\n\t\t<\/div>\n\t\t\t\t\t\t<\/div>\n\t\t\t\t\t\t\t\t<div class=\"elementor-field-group elementor-column elementor-field-type-submit elementor-col-100 e-form__buttons\">\n\t\t\t\t\t<button class=\"elementor-button elementor-size-md\" type=\"submit\">\n\t\t\t\t\t\t<span class=\"elementor-button-content-wrapper\">\n\t\t\t\t\t\t\t\t\t\t\t\t\t\t\t<span class=\"elementor-button-icon\">\n\t\t\t\t\t\t\t\t\t<i class=\"Array\" aria-hidden=\"true\"><\/i>\t\t\t\t\t\t\t\t\t\t\t\t\t\t\t\t\t<\/span>\n\t\t\t\t\t\t\t\t\t\t\t\t\t\t\t\t\t\t\t\t\t\t<span class=\"elementor-button-text\">Enviar Datos<\/span>\n\t\t\t\t\t\t\t\t\t\t\t\t\t<\/span>\n\t\t\t\t\t<\/button>\n\t\t\t\t<\/div>\n\t\t\t<\/div>\n\t\t<\/form>\n\t\t\t\t\t\t<\/div>\n\t\t\t\t<\/div>\n\t\t\t\t\t<\/div>\n\t\t\t\t<\/div>\n\t\t\t\t<\/div>\n\t\t","protected":false},"excerpt":{"rendered":"<p>Todos los Eventos Cann\u00e1bicos Descubre el calendario completo de nuestra asociaci\u00f3n y no te pierdas nada. LUNES Recomendaci\u00f3n Empezamos la semana destacando calidad. Cada lunes seleccionamos una gen\u00e9tica de weed y una de hash con una reducci\u00f3n especial de 2 cr\u00e9ditos. MARTES Verde D\u00eda para los amantes de las flores. Disfruta de un descuento especial [&hellip;]<\/p>\n","protected":false},"author":1,"featured_media":0,"parent":0,"menu_order":0,"comment_status":"closed","ping_status":"closed","template":"","meta":{"footnotes":""},"class_list":["post-80","page","type-page","status-publish","hentry"],"_links":{"self":[{"href":"https:\/\/badalonaweedclub.com\/en\/wp-json\/wp\/v2\/pages\/80","targetHints":{"allow":["GET"]}}],"collection":[{"href":"https:\/\/badalonaweedclub.com\/en\/wp-json\/wp\/v2\/pages"}],"about":[{"href":"https:\/\/badalonaweedclub.com\/en\/wp-json\/wp\/v2\/types\/page"}],"author":[{"embeddable":true,"href":"https:\/\/badalonaweedclub.com\/en\/wp-json\/wp\/v2\/users\/1"}],"replies":[{"embeddable":true,"href":"https:\/\/badalonaweedclub.com\/en\/wp-json\/wp\/v2\/comments?post=80"}],"version-history":[{"count":0,"href":"https:\/\/badalonaweedclub.com\/en\/wp-json\/wp\/v2\/pages\/80\/revisions"}],"wp:attachment":[{"href":"https:\/\/badalonaweedclub.com\/en\/wp-json\/wp\/v2\/media?parent=80"}],"curies":[{"name":"wp","href":"https:\/\/api.w.org\/{rel}","templated":true}]}}